{"id":3,"date":"2019-07-07T19:29:21","date_gmt":"2019-07-08T00:29:21","guid":{"rendered":"https:\/\/www.li-colibri.com\/?page_id=3"},"modified":"2020-01-08T06:51:26","modified_gmt":"2020-01-08T11:51:26","slug":"legal","status":"publish","type":"page","link":"https:\/\/www.li-colibri.com\/en\/legal\/","title":{"rendered":"Mentions l\u00e9gales"},"content":{"rendered":"<blockquote><p><strong>Ce site est \u00e9dit\u00e9 par : Li-Colibri Voyages<\/strong><\/p>\n<p><strong>Soci\u00e9t\u00e9 par Actions Simplifi\u00e9e<\/strong> &#8211; RCS 850\u00a0812\u00a0702 Aix-en-Provence<\/p>\n<p>13 chemin des 3 moulins, Bat C2, 13100 Aix en Provence \u2014 FR<\/p>\n<p>+33 (0) 6 30 79 59 54<\/p>\n<p>Le directeur de la publication est : <strong>Lina Rodriguez<\/strong><\/p><\/blockquote>\n<blockquote><p><strong>L\u2019h\u00e9bergeur est : Digital Ocean<\/strong><\/p>\n<p>Contact : <a href=\"https:\/\/www.digitalocean.com\">https:\/\/www.digitalocean.com<\/a><\/p>\n<p>101 Avenue of the Americas 10th Floor,\u00a0New York, NY 10013 &#8211; USA<\/p>\n<p>Le site utilise uniquement des d&#8217;infrastructures physiques bas\u00e9es en Europe &#8211; serveurs \u00e0 Frankfort et \u00e0 Amsterdam -.<\/p><\/blockquote>\n<blockquote><p><strong>R\u00e8glementation de l&#8217;activit\u00e9 d&#8217;op\u00e9rateur de voyage<\/strong><\/p>\n<p>L\u2019activit\u00e9 d\u2019op\u00e9rateur de voyages de la soci\u00e9t\u00e9 Li-Colibri Voyages est r\u00e9glement\u00e9e et couverte.<\/p>\n<p>N\u00b0 Immatriculation Atout France : IM013190014<\/p>\n<p>Garantie financi\u00e8re : APST \u2013 15 rue Carnot \u2013 75017 PARIS<\/p>\n<p>Assurance responsabilit\u00e9 civile professionnelle : HISCOX (\u00e9tendue des garanties : 1 500 000 \u20ac)<\/p><\/blockquote>","protected":false},"excerpt":{"rendered":"<p>Ce site est \u00e9dit\u00e9 par : Li-Colibri Voyages Soci\u00e9t\u00e9 par Actions Simplifi\u00e9e &#8211; RCS 850\u00a0812\u00a0702 Aix-en-Provence 13 chemin des 3 moulins, Bat C2, 13100 Aix en Provence \u2014 FR +33 (0) 6 30 79 59 54 Le directeur de la publication est : Lina Rodriguez L\u2019h\u00e9bergeur est : Digital Ocean Contact : https:\/\/www.digitalocean.com 101 Avenue [&hellip;]<\/p>","protected":false},"author":1,"featured_media":0,"parent":0,"menu_order":0,"comment_status":"closed","ping_status":"closed","template":"","meta":{"footnotes":""},"class_list":["post-3","page","type-page","status-publish","hentry"],"jetpack_sharing_enabled":true,"_links":{"self":[{"href":"https:\/\/www.li-colibri.com\/en\/wp-json\/wp\/v2\/pages\/3","targetHints":{"allow":["GET"]}}],"collection":[{"href":"https:\/\/www.li-colibri.com\/en\/wp-json\/wp\/v2\/pages"}],"about":[{"href":"https:\/\/www.li-colibri.com\/en\/wp-json\/wp\/v2\/types\/page"}],"author":[{"embeddable":true,"href":"https:\/\/www.li-colibri.com\/en\/wp-json\/wp\/v2\/users\/1"}],"replies":[{"embeddable":true,"href":"https:\/\/www.li-colibri.com\/en\/wp-json\/wp\/v2\/comments?post=3"}],"version-history":[{"count":15,"href":"https:\/\/www.li-colibri.com\/en\/wp-json\/wp\/v2\/pages\/3\/revisions"}],"predecessor-version":[{"id":957,"href":"https:\/\/www.li-colibri.com\/en\/wp-json\/wp\/v2\/pages\/3\/revisions\/957"}],"wp:attachment":[{"href":"https:\/\/www.li-colibri.com\/en\/wp-json\/wp\/v2\/media?parent=3"}],"curies":[{"name":"wp","href":"https:\/\/api.w.org\/{rel}","templated":true}]}}